{"id":3119,"date":"2023-03-20T13:27:08","date_gmt":"2023-03-20T12:27:08","guid":{"rendered":"https:\/\/novae.ch\/foire-aux-questions\/"},"modified":"2023-07-12T10:53:53","modified_gmt":"2023-07-12T08:53:53","slug":"haeufig-gestellte-fragen","status":"publish","type":"page","link":"https:\/\/novae.ch\/de\/haeufig-gestellte-fragen\/","title":{"rendered":"H\u00e4ufig gestellte Fragen"},"content":{"rendered":"","protected":false},"excerpt":{"rendered":"","protected":false},"author":1,"featured_media":0,"parent":0,"menu_order":0,"comment_status":"closed","ping_status":"closed","template":"template-faq.php","meta":{"_acf_changed":false,"footnotes":""},"class_list":["post-3119","page","type-page","status-publish","hentry"],"acf":[],"yoast_head":"<!-- This site is optimized with the Yoast SEO plugin v27.2 - https:\/\/yoast.com\/product\/yoast-seo-wordpress\/ -->\n<title>H\u00e4ufig gestellte Fragen<\/title>\n<meta name=\"description\" content=\"Retrouvez sur cette page les questions les plus fr\u00e9quentes \u00e0 propos de Novae, ainsi que leurs r\u00e9ponses et des liens vers des informations approfondies.\" \/>\n<meta name=\"robots\" content=\"index, follow, max-snippet:-1, max-image-preview:large, max-video-preview:-1\" \/>\n<link rel=\"canonical\" href=\"https:\/\/novae.ch\/de\/haeufig-gestellte-fragen\/\" \/>\n<meta property=\"og:locale\" content=\"de_DE\" \/>\n<meta property=\"og:type\" content=\"article\" \/>\n<meta property=\"og:title\" content=\"Foire aux questions\" \/>\n<meta property=\"og:description\" content=\"Retrouvez sur cette page les questions les plus fr\u00e9quentes \u00e0 propos de Novae, ainsi que leurs r\u00e9ponses et des liens vers des informations approfondies.\" \/>\n<meta property=\"og:url\" content=\"https:\/\/novae.ch\/de\/haeufig-gestellte-fragen\/\" \/>\n<meta property=\"og:site_name\" content=\"Novae\" \/>\n<meta property=\"article:modified_time\" content=\"2023-07-12T08:53:53+00:00\" \/>\n<meta name=\"twitter:card\" content=\"summary_large_image\" \/>\n<meta name=\"twitter:title\" content=\"Foire aux questions\" \/>\n<meta name=\"twitter:description\" content=\"Retrouvez sur cette page les questions les plus fr\u00e9quentes \u00e0 propos de Novae, ainsi que leurs r\u00e9ponses et des liens vers des informations approfondies.\" \/>\n<script type=\"application\/ld+json\" class=\"yoast-schema-graph\">{\"@context\":\"https:\/\/schema.org\",\"@graph\":[{\"@type\":\"WebPage\",\"@id\":\"https:\/\/novae.ch\/de\/haeufig-gestellte-fragen\/\",\"url\":\"https:\/\/novae.ch\/de\/haeufig-gestellte-fragen\/\",\"name\":\"H\u00e4ufig gestellte Fragen\",\"isPartOf\":{\"@id\":\"https:\/\/novae.ch\/de\/#website\"},\"datePublished\":\"2023-03-20T12:27:08+00:00\",\"dateModified\":\"2023-07-12T08:53:53+00:00\",\"description\":\"Retrouvez sur cette page les questions les plus fr\u00e9quentes \u00e0 propos de Novae, ainsi que leurs r\u00e9ponses et des liens vers des informations approfondies.\",\"breadcrumb\":{\"@id\":\"https:\/\/novae.ch\/de\/haeufig-gestellte-fragen\/#breadcrumb\"},\"inLanguage\":\"de-CH\",\"potentialAction\":[{\"@type\":\"ReadAction\",\"target\":[\"https:\/\/novae.ch\/de\/haeufig-gestellte-fragen\/\"]}]},{\"@type\":\"BreadcrumbList\",\"@id\":\"https:\/\/novae.ch\/de\/haeufig-gestellte-fragen\/#breadcrumb\",\"itemListElement\":[{\"@type\":\"ListItem\",\"position\":1,\"name\":\"Accueil\",\"item\":\"https:\/\/novae.ch\/de\/\"},{\"@type\":\"ListItem\",\"position\":2,\"name\":\"H\u00e4ufig gestellte Fragen\"}]},{\"@type\":\"WebSite\",\"@id\":\"https:\/\/novae.ch\/de\/#website\",\"url\":\"https:\/\/novae.ch\/de\/\",\"name\":\"Novae\",\"description\":\"Partisans du go\u00fbt\",\"potentialAction\":[{\"@type\":\"SearchAction\",\"target\":{\"@type\":\"EntryPoint\",\"urlTemplate\":\"https:\/\/novae.ch\/de\/?s={search_term_string}\"},\"query-input\":{\"@type\":\"PropertyValueSpecification\",\"valueRequired\":true,\"valueName\":\"search_term_string\"}}],\"inLanguage\":\"de-CH\"}]}<\/script>\n<!-- \/ Yoast SEO plugin. -->","yoast_head_json":{"title":"H\u00e4ufig gestellte Fragen","description":"Retrouvez sur cette page les questions les plus fr\u00e9quentes \u00e0 propos de Novae, ainsi que leurs r\u00e9ponses et des liens vers des informations approfondies.","robots":{"index":"index","follow":"follow","max-snippet":"max-snippet:-1","max-image-preview":"max-image-preview:large","max-video-preview":"max-video-preview:-1"},"canonical":"https:\/\/novae.ch\/de\/haeufig-gestellte-fragen\/","og_locale":"de_DE","og_type":"article","og_title":"Foire aux questions","og_description":"Retrouvez sur cette page les questions les plus fr\u00e9quentes \u00e0 propos de Novae, ainsi que leurs r\u00e9ponses et des liens vers des informations approfondies.","og_url":"https:\/\/novae.ch\/de\/haeufig-gestellte-fragen\/","og_site_name":"Novae","article_modified_time":"2023-07-12T08:53:53+00:00","twitter_card":"summary_large_image","twitter_title":"Foire aux questions","twitter_description":"Retrouvez sur cette page les questions les plus fr\u00e9quentes \u00e0 propos de Novae, ainsi que leurs r\u00e9ponses et des liens vers des informations approfondies.","schema":{"@context":"https:\/\/schema.org","@graph":[{"@type":"WebPage","@id":"https:\/\/novae.ch\/de\/haeufig-gestellte-fragen\/","url":"https:\/\/novae.ch\/de\/haeufig-gestellte-fragen\/","name":"H\u00e4ufig gestellte Fragen","isPartOf":{"@id":"https:\/\/novae.ch\/de\/#website"},"datePublished":"2023-03-20T12:27:08+00:00","dateModified":"2023-07-12T08:53:53+00:00","description":"Retrouvez sur cette page les questions les plus fr\u00e9quentes \u00e0 propos de Novae, ainsi que leurs r\u00e9ponses et des liens vers des informations approfondies.","breadcrumb":{"@id":"https:\/\/novae.ch\/de\/haeufig-gestellte-fragen\/#breadcrumb"},"inLanguage":"de-CH","potentialAction":[{"@type":"ReadAction","target":["https:\/\/novae.ch\/de\/haeufig-gestellte-fragen\/"]}]},{"@type":"BreadcrumbList","@id":"https:\/\/novae.ch\/de\/haeufig-gestellte-fragen\/#breadcrumb","itemListElement":[{"@type":"ListItem","position":1,"name":"Accueil","item":"https:\/\/novae.ch\/de\/"},{"@type":"ListItem","position":2,"name":"H\u00e4ufig gestellte Fragen"}]},{"@type":"WebSite","@id":"https:\/\/novae.ch\/de\/#website","url":"https:\/\/novae.ch\/de\/","name":"Novae","description":"Partisans du go\u00fbt","potentialAction":[{"@type":"SearchAction","target":{"@type":"EntryPoint","urlTemplate":"https:\/\/novae.ch\/de\/?s={search_term_string}"},"query-input":{"@type":"PropertyValueSpecification","valueRequired":true,"valueName":"search_term_string"}}],"inLanguage":"de-CH"}]}},"jetpack_sharing_enabled":true,"_links":{"self":[{"href":"https:\/\/novae.ch\/de\/wp-json\/wp\/v2\/pages\/3119","targetHints":{"allow":["GET"]}}],"collection":[{"href":"https:\/\/novae.ch\/de\/wp-json\/wp\/v2\/pages"}],"about":[{"href":"https:\/\/novae.ch\/de\/wp-json\/wp\/v2\/types\/page"}],"author":[{"embeddable":true,"href":"https:\/\/novae.ch\/de\/wp-json\/wp\/v2\/users\/1"}],"replies":[{"embeddable":true,"href":"https:\/\/novae.ch\/de\/wp-json\/wp\/v2\/comments?post=3119"}],"version-history":[{"count":0,"href":"https:\/\/novae.ch\/de\/wp-json\/wp\/v2\/pages\/3119\/revisions"}],"wp:attachment":[{"href":"https:\/\/novae.ch\/de\/wp-json\/wp\/v2\/media?parent=3119"}],"curies":[{"name":"wp","href":"https:\/\/api.w.org\/{rel}","templated":true}]}}