{"id":3114,"date":"2023-04-04T09:54:39","date_gmt":"2023-04-04T07:54:39","guid":{"rendered":"https:\/\/novae.ch\/prestations\/"},"modified":"2023-08-30T11:00:05","modified_gmt":"2023-08-30T09:00:05","slug":"unsere-leistungen","status":"publish","type":"page","link":"https:\/\/novae.ch\/de\/unsere-leistungen\/","title":{"rendered":"Unsere Leistungen"},"content":{"rendered":"","protected":false},"excerpt":{"rendered":"","protected":false},"author":1,"featured_media":0,"parent":0,"menu_order":0,"comment_status":"closed","ping_status":"closed","template":"template-services.php","meta":{"_acf_changed":false,"footnotes":""},"class_list":["post-3114","page","type-page","status-publish","hentry"],"acf":[],"yoast_head":"<!-- This site is optimized with the Yoast SEO plugin v27.2 - https:\/\/yoast.com\/product\/yoast-seo-wordpress\/ -->\n<title>Unsere Leistungen<\/title>\n<meta name=\"robots\" content=\"index, follow, max-snippet:-1, max-image-preview:large, max-video-preview:-1\" \/>\n<link rel=\"canonical\" href=\"https:\/\/novae.ch\/de\/unsere-leistungen\/\" \/>\n<meta property=\"og:locale\" content=\"de_DE\" \/>\n<meta property=\"og:type\" content=\"article\" \/>\n<meta property=\"og:title\" content=\"Nos prestations\" \/>\n<meta property=\"og:description\" content=\"D\u00e9couvrez nos prestations our les entreprises, les \u00e9coles, la sant\u00e9 et nos autres restaurants, ainsi que nos services additionnels.\" \/>\n<meta property=\"og:url\" content=\"https:\/\/novae.ch\/de\/unsere-leistungen\/\" \/>\n<meta property=\"og:site_name\" content=\"Novae\" \/>\n<meta property=\"article:modified_time\" content=\"2023-08-30T09:00:05+00:00\" \/>\n<meta property=\"og:image\" content=\"https:\/\/novae.ch\/wp-content\/uploads\/2023\/05\/novae-solutions-en-tete..jpg\" \/>\n\t<meta property=\"og:image:width\" content=\"1115\" \/>\n\t<meta property=\"og:image:height\" content=\"805\" \/>\n\t<meta property=\"og:image:type\" content=\"image\/jpeg\" \/>\n<meta name=\"twitter:card\" content=\"summary_large_image\" \/>\n<meta name=\"twitter:title\" content=\"Nos prestations\" \/>\n<meta name=\"twitter:description\" content=\"D\u00e9couvrez nos prestations our les entreprises, les \u00e9coles, la sant\u00e9 et nos autres restaurants, ainsi que nos services additionnels.\" \/>\n<meta name=\"twitter:image\" content=\"https:\/\/novae.ch\/wp-content\/uploads\/2023\/05\/novae-solutions-en-tete..jpg\" \/>\n<script type=\"application\/ld+json\" class=\"yoast-schema-graph\">{\"@context\":\"https:\/\/schema.org\",\"@graph\":[{\"@type\":\"WebPage\",\"@id\":\"https:\/\/novae.ch\/de\/unsere-leistungen\/\",\"url\":\"https:\/\/novae.ch\/de\/unsere-leistungen\/\",\"name\":\"Unsere Leistungen\",\"isPartOf\":{\"@id\":\"https:\/\/novae.ch\/de\/#website\"},\"datePublished\":\"2023-04-04T07:54:39+00:00\",\"dateModified\":\"2023-08-30T09:00:05+00:00\",\"breadcrumb\":{\"@id\":\"https:\/\/novae.ch\/de\/unsere-leistungen\/#breadcrumb\"},\"inLanguage\":\"de-CH\",\"potentialAction\":[{\"@type\":\"ReadAction\",\"target\":[\"https:\/\/novae.ch\/de\/unsere-leistungen\/\"]}]},{\"@type\":\"BreadcrumbList\",\"@id\":\"https:\/\/novae.ch\/de\/unsere-leistungen\/#breadcrumb\",\"itemListElement\":[{\"@type\":\"ListItem\",\"position\":1,\"name\":\"Accueil\",\"item\":\"https:\/\/novae.ch\/de\/\"},{\"@type\":\"ListItem\",\"position\":2,\"name\":\"Unsere Leistungen\"}]},{\"@type\":\"WebSite\",\"@id\":\"https:\/\/novae.ch\/de\/#website\",\"url\":\"https:\/\/novae.ch\/de\/\",\"name\":\"Novae\",\"description\":\"Partisans du go\u00fbt\",\"potentialAction\":[{\"@type\":\"SearchAction\",\"target\":{\"@type\":\"EntryPoint\",\"urlTemplate\":\"https:\/\/novae.ch\/de\/?s={search_term_string}\"},\"query-input\":{\"@type\":\"PropertyValueSpecification\",\"valueRequired\":true,\"valueName\":\"search_term_string\"}}],\"inLanguage\":\"de-CH\"}]}<\/script>\n<!-- \/ Yoast SEO plugin. -->","yoast_head_json":{"title":"Unsere Leistungen","robots":{"index":"index","follow":"follow","max-snippet":"max-snippet:-1","max-image-preview":"max-image-preview:large","max-video-preview":"max-video-preview:-1"},"canonical":"https:\/\/novae.ch\/de\/unsere-leistungen\/","og_locale":"de_DE","og_type":"article","og_title":"Nos prestations","og_description":"D\u00e9couvrez nos prestations our les entreprises, les \u00e9coles, la sant\u00e9 et nos autres restaurants, ainsi que nos services additionnels.","og_url":"https:\/\/novae.ch\/de\/unsere-leistungen\/","og_site_name":"Novae","article_modified_time":"2023-08-30T09:00:05+00:00","og_image":[{"width":1115,"height":805,"url":"https:\/\/novae.ch\/wp-content\/uploads\/2023\/05\/novae-solutions-en-tete..jpg","type":"image\/jpeg"}],"twitter_card":"summary_large_image","twitter_title":"Nos prestations","twitter_description":"D\u00e9couvrez nos prestations our les entreprises, les \u00e9coles, la sant\u00e9 et nos autres restaurants, ainsi que nos services additionnels.","twitter_image":"https:\/\/novae.ch\/wp-content\/uploads\/2023\/05\/novae-solutions-en-tete..jpg","schema":{"@context":"https:\/\/schema.org","@graph":[{"@type":"WebPage","@id":"https:\/\/novae.ch\/de\/unsere-leistungen\/","url":"https:\/\/novae.ch\/de\/unsere-leistungen\/","name":"Unsere Leistungen","isPartOf":{"@id":"https:\/\/novae.ch\/de\/#website"},"datePublished":"2023-04-04T07:54:39+00:00","dateModified":"2023-08-30T09:00:05+00:00","breadcrumb":{"@id":"https:\/\/novae.ch\/de\/unsere-leistungen\/#breadcrumb"},"inLanguage":"de-CH","potentialAction":[{"@type":"ReadAction","target":["https:\/\/novae.ch\/de\/unsere-leistungen\/"]}]},{"@type":"BreadcrumbList","@id":"https:\/\/novae.ch\/de\/unsere-leistungen\/#breadcrumb","itemListElement":[{"@type":"ListItem","position":1,"name":"Accueil","item":"https:\/\/novae.ch\/de\/"},{"@type":"ListItem","position":2,"name":"Unsere Leistungen"}]},{"@type":"WebSite","@id":"https:\/\/novae.ch\/de\/#website","url":"https:\/\/novae.ch\/de\/","name":"Novae","description":"Partisans du go\u00fbt","potentialAction":[{"@type":"SearchAction","target":{"@type":"EntryPoint","urlTemplate":"https:\/\/novae.ch\/de\/?s={search_term_string}"},"query-input":{"@type":"PropertyValueSpecification","valueRequired":true,"valueName":"search_term_string"}}],"inLanguage":"de-CH"}]}},"jetpack_sharing_enabled":true,"_links":{"self":[{"href":"https:\/\/novae.ch\/de\/wp-json\/wp\/v2\/pages\/3114","targetHints":{"allow":["GET"]}}],"collection":[{"href":"https:\/\/novae.ch\/de\/wp-json\/wp\/v2\/pages"}],"about":[{"href":"https:\/\/novae.ch\/de\/wp-json\/wp\/v2\/types\/page"}],"author":[{"embeddable":true,"href":"https:\/\/novae.ch\/de\/wp-json\/wp\/v2\/users\/1"}],"replies":[{"embeddable":true,"href":"https:\/\/novae.ch\/de\/wp-json\/wp\/v2\/comments?post=3114"}],"version-history":[{"count":0,"href":"https:\/\/novae.ch\/de\/wp-json\/wp\/v2\/pages\/3114\/revisions"}],"wp:attachment":[{"href":"https:\/\/novae.ch\/de\/wp-json\/wp\/v2\/media?parent=3114"}],"curies":[{"name":"wp","href":"https:\/\/api.w.org\/{rel}","templated":true}]}}